{"id":200,"date":"2025-01-20T10:20:23","date_gmt":"2025-01-20T09:20:23","guid":{"rendered":"https:\/\/telosalliance.esinfo.fr\/?page_id=200"},"modified":"2025-01-27T12:16:16","modified_gmt":"2025-01-27T11:16:16","slug":"mentions-legales","status":"publish","type":"page","link":"https:\/\/www.telosalliance.fr\/index.php\/mentions-legales\/","title":{"rendered":""},"content":{"rendered":"\n<h2 class=\"wp-block-heading alignfull has-text-align-center\">Mentions L\u00e9gales<\/h2>\n\n\n\n<h4 class=\"wp-block-heading\">Editeur du site<\/h4>\n\n\n\n<p>Ce site est \u00e9dit\u00e9 par : ip-studio &#8211; 43, rue du Commandant Rolland \u2013 93350 Le Bourget \u2013 France, SARL, RCS Bobigny B 411 021 637 &#8211; Siret : 41102163700011 &#8211; APE : 527C<br>Responsable \u00e9ditorial :&nbsp;<a href=\"mailto:contact@ip-studio.com\">contact@ip-studio.com<\/a><\/p>\n\n\n\n<h4 class=\"wp-block-heading\">Condition d\u2019utilisation<\/h4>\n\n\n\n<p>L&rsquo;ensemble de ce site rel\u00e8ve des l\u00e9gislations fran\u00e7aise et internationale sur le droit d&rsquo;auteur et la propri\u00e9t\u00e9 intellectuelle. Tous les droits de reproduction sont r\u00e9serv\u00e9s, y compris pour les documents iconographiques et photographiques. L\u2019utilisation de ce site est r\u00e9gie par les pr\u00e9sentes conditions g\u00e9n\u00e9rales. En utilisant le site, vous reconnaissez avoir pris connaissance de ces conditions et les avoir accept\u00e9es. Celles-ci pourront \u00eatre modifi\u00e9es \u00e0 tout moment dans pr\u00e9avis par la soci\u00e9t\u00e9 ip-studio. ip-studio ne saurait \u00eatre tenu pour responsable en aucune mani\u00e8re d\u2019une mauvaise utilisation du service. Toute contestation ou litiges qui pourraient na\u00eetre de l&rsquo;interpr\u00e9tation ou de l&rsquo;ex\u00e9cution des conditions d\u2019utilisation seront de la comp\u00e9tence exclusive des tribunaux dont d\u00e9pend le si\u00e8ge social de la soci\u00e9t\u00e9 ip-studio. La langue de r\u00e9f\u00e9rence, pour le r\u00e8glement de contentieux \u00e9ventuels, est le fran\u00e7ais.<\/p>\n\n\n\n<p>Conform\u00e9ment aux dispositions des articles 38 et suivants de la loi 78-17 du 6 janvier 1978 relative \u00e0 l\u2019informatique, aux fichiers et aux libert\u00e9s, tout utilisateur dispose d\u2019un droit d\u2019acc\u00e8s, de rectification et d\u2019opposition aux donn\u00e9es personnelles le concernant, en effectuant sa demande \u00e0 l\u2019adresse email suivante : contact[at]ip-studio.com. Les informations personnelles collect\u00e9es ne sont en aucun cas confi\u00e9es \u00e0 des tiers hormis pour l\u2019\u00e9ventuelle bonne ex\u00e9cution de la prestation command\u00e9e par l\u2019internaute.<\/p>\n\n\n\n<h4 class=\"wp-block-heading\">Propri\u00e9t\u00e9 intellectuelle<\/h4>\n\n\n\n<p>Tout le contenu du pr\u00e9sent site, incluant, de fa\u00e7on non limitative, les graphismes, images, textes, vid\u00e9os, animations, sons, logos, marques, gifs et ic\u00f4nes ainsi que leur mise en forme sont la propri\u00e9t\u00e9 de leurs propri\u00e9taires respectifs. ip-studio d\u00e9tient les droits d\u2019usage sur tous les \u00e9l\u00e9ments accessibles sur le site, notamment les textes, images, graphismes, logo, ic\u00f4nes, vid\u00e9os, etc. Toute reproduction, distribution, modification, adaptation, retransmission ou publication, m\u00eame partielle, de ces diff\u00e9rents \u00e9l\u00e9ments, quel que soit le moyen ou le proc\u00e9d\u00e9 utilis\u00e9 est strictement interdite sans l&rsquo;accord expr\u00e8s par \u00e9crit de : ip-studio ou leurs propri\u00e9taires. Toute exploitation non autoris\u00e9e du site ou de l\u2019un quelconque des \u00e9l\u00e9ments qu\u2019il contient sera consid\u00e9r\u00e9e comme constitutive d\u2019une contrefa\u00e7on et poursuivie conform\u00e9ment aux dispositions des articles L.335-2 et suivants du Code de Propri\u00e9t\u00e9 Intellectuelle.<\/p>\n\n\n\n<h4 class=\"wp-block-heading\">Responsabilit\u00e9<\/h4>\n\n\n\n<p>Les informations contenues sur ce site, donn\u00e9es \u00e0 titre indicatif, sont non exhaustives et aussi pr\u00e9cises que possibles ; et le site est p\u00e9riodiquement remis \u00e0 jour, mais peut toutefois contenir des inexactitudes, des omissions ou des lacunes. Si vous constatez une lacune, erreur ou ce qui parait \u00eatre un dysfonctionnement, merci de bien vouloir le signaler par email (contact[at]ip-studio.com) en d\u00e9crivant le probl\u00e8me de la mani\u00e8re la plus pr\u00e9cise possible (page posant probl\u00e8me, action d\u00e9clenchante, type d\u2019ordinateur et de navigateur utilis\u00e9, etc.). Tout contenu t\u00e9l\u00e9charg\u00e9 se fait aux risques et p\u00e9rils de l&rsquo;utilisateur et sous sa seule responsabilit\u00e9. En cons\u00e9quence, ip-studio ne saurait \u00eatre tenu responsable d&rsquo;un quelconque dommage subi par l&rsquo;ordinateur de l&rsquo;utilisateur ou d&rsquo;une quelconque perte de donn\u00e9es cons\u00e9cutives au t\u00e9l\u00e9chargement. Les photos sont non contractuelles. Les liens hypertextes mis en place dans le cadre du pr\u00e9sent site internet en direction d&rsquo;autres ressources pr\u00e9sentes sur le r\u00e9seau Internet ne sauraient engager la responsabilit\u00e9 de : ip-studio.<br><br>ip-studio ne garantie pas que les mat\u00e9riels pr\u00e9sent\u00e9s sur le site soient autoris\u00e9s ou disponibles pour d\u2019autres territoires et qu\u2019ils sont accessibles pour des territoires o\u00f9 ces mat\u00e9riels seraient interdits. Il vous incombe, en visitant ce site, de vous assurez que son contenu n\u2019entrave aucune loi de votre pays d\u2019origine.<\/p>\n\n\n\n<h2 class=\"wp-block-heading has-text-align-center\">Confidentialit\u00e9 des donn\u00e9es personnelles <\/h2>\n\n\n\n<h4 class=\"wp-block-heading\">Donn\u00e9es personnelles et utilisation des cookies<\/h4>\n\n\n\n<p>D&rsquo;une fa\u00e7on g\u00e9n\u00e9rale, vous pouvez visiter notre site&nbsp;<strong>(ip-studio.com)<\/strong>&nbsp;sur Internet sans avoir \u00e0 d\u00e9cliner votre identit\u00e9 et \u00e0 fournir des informations personnelles vous concernant. Cependant, des formulaires de mise en contact peuvent vous \u00eatre propos\u00e9 de renseigner avec leurs informations. Le but de ces formulaires est clairement indiqu\u00e9 dans le site. Ils vous permettent d\u2019effectuer une demande ou d\u2019\u00e9tablir une correspondance. Les informations saisies peuvent \u00eatre compl\u00e9t\u00e9es pour conclure une transaction ou offrir un meilleur service. Dans tous les cas, ip-studio se r\u00e9serve le droit d&rsquo;utiliser les informations fournies pour communiquer avec vous en ce qui concerne l&rsquo;offre de produits, et pour la collecte des informations de suivi. En soumettant ces formulaires, vous acceptez les termes de cette politique \u00e0 l&rsquo;\u00e9gard de l&rsquo;information pr\u00e9sent\u00e9e. En outre, dans tous les cas, ip-studio se r\u00e9serve le droit d&rsquo;utiliser des renseignements personnels dans le but d&rsquo;enqu\u00eater sur les failles de s\u00e9curit\u00e9 ou de coop\u00e9rer avec les autorit\u00e9s judiciaires en vertu d&rsquo;une question juridique ou de s\u00e9curit\u00e9. Sauf stipulation expresse contraire \u00e0 la pr\u00e9sente politique ou tel que requis par la loi, ip-studio ne partagera pas des renseignements personnels avec des tierces parties pour le marketing direct ou \u00e0 d&rsquo;autres fins \u00e0 moins le formulaire dans lequel cette information est saisie l&rsquo;identifie explicitement comme l&rsquo;un des buts de l&rsquo;information et vous consentez \u00e0 ce but en remplissant ce formulaire. ip-studio peut supprimer des renseignements identifiables \u00e0 partir de renseignements personnels recueillis et utiliser le reste des informations \u00e0 des fins historiques, statistiques ou autres.<\/p>\n\n\n\n<h4 class=\"wp-block-heading\">D\u00e9claration \u00e0 la CNIL<\/h4>\n\n\n\n<p>Conform\u00e9ment \u00e0 la loi 78-17 du 6 janvier 1978 (modifi\u00e9e par la loi 2004-801 du 6 ao\u00fbt 2004 relative \u00e0 la protection des personnes physiques \u00e0 l&rsquo;\u00e9gard des traitements de donn\u00e9es \u00e0 caract\u00e8re personnel) relative \u00e0 l&rsquo;informatique, aux fichiers et aux libert\u00e9s, le site a fait l&rsquo;objet d&rsquo;une d\u00e9claration aupr\u00e8s de la Commission nationale de l&rsquo;informatique et des libert\u00e9s&nbsp;<a href=\"https:\/\/www.cnil.site-web-cookies-et-autres-traceurs\/\">(<\/a><a href=\"http:\/\/www.cnil.fr\">www.cnil.fr)<\/a><a href=\"https:\/\/www.cnil.site-web-cookies-et-autres-traceurs\/\">.<\/a><\/p>\n\n\n\n<p>Conform\u00e9ment aux dispositions des articles 38 et suivants de la loi 78-17 du 6 janvier 1978 relative \u00e0 l\u2019informatique, aux fichiers et aux libert\u00e9s, tout utilisateur dispose d\u2019un droit d\u2019acc\u00e8s, de rectification et d\u2019opposition aux donn\u00e9es personnelles le concernant, en effectuant sa demande \u00e0 l\u2019adresse email suivante : contact[at]ip-studio.com. Les informations personnelles collect\u00e9es ne sont en aucun cas confi\u00e9es \u00e0 des tiers hormis pour l\u2019\u00e9ventuelle bonne ex\u00e9cution de la prestation command\u00e9e par l\u2019internaute.<\/p>\n\n\n\n<h4 class=\"wp-block-heading\">Donn\u00e9es de navigation<\/h4>\n\n\n\n<p>Actuellement, ip-studio ne recueille pas d\u2019information individualis\u00e9e \u00e0 partir de ce site. Cependant, il est possible que l&rsquo;information soit automatiquement envoy\u00e9e \u00e0 ip-studio par votre navigateur Web et que cette information soit recueillie passivement par les serveurs h\u00e9bergeurs. L\u2019h\u00e9bergeur peut \u00e9galement collecter des donn\u00e9es agr\u00e9g\u00e9es, telles que le nombre de \u00ab\u00a0hits\u00a0\u00bb sur le site. ip-studio peut utiliser ces informations en interne \u00e0 des fins historiques, statistiques ou pour l&rsquo;aider dans l&rsquo;am\u00e9lioration de l&rsquo;information contenu dans le site. ip-studio peut transmettre les informations vers un autre pays, mais uniquement \u00e0 ses services, \u00e0 des fins telles que pour le stockage, ou parce que les serveurs sont situ\u00e9s en dehors de la France.<\/p>\n\n\n\n<h4 class=\"wp-block-heading\">Analyse web Google Analytics<\/h4>\n\n\n\n<p>Ce site utilise les services d&rsquo;analyse web Google Analytics de la soci\u00e9t\u00e9 Google In. (\u00ab\u00a0Google\u00a0\u00bb). Google Analytics utilise des \u201eCookies\u201c, des donn\u00e9es texte, qui sont enregistr\u00e9es sur votre ordinateur (par votre navigateur Internet) et qui permettent d&rsquo;analyser votre utilisation du site lors de votre visite. Les donn\u00e9es r\u00e9colt\u00e9es via les Cookies concernant votre utilisation du site sont transf\u00e9r\u00e9es sur un serveur de Google aux USA et enregistr\u00e9es sur place. Dans le cas d&rsquo;une activation de l&rsquo;anonymisation de l&rsquo;IP sur ce site, votre adresse IP sera toutefois compress\u00e9e au pr\u00e9alable par Google, dans les Etats membres de l&rsquo;Union Europ\u00e9enne ou dans les autres Etats membres du trait\u00e9 de l&rsquo;espace \u00e9conomique europ\u00e9en. Seulement dans des cas exceptionnels, l&rsquo;adresse IP compl\u00e8te sera transmise \u00e0 un serveur de Google aux Etats-Unis et alors compress\u00e9e. Google utilisera ces informations pour le compte du propri\u00e9taire de ce site, afin d&rsquo;analyser votre utilisation du site, d&rsquo;\u00e9tablir des rapports sur l&rsquo;activit\u00e9 des visiteurs et fournir aussi des donn\u00e9es aux services tiers li\u00e9s \u00e0 l&rsquo;utilisation du site et d&rsquo;Internet. Google ne reliera pas l&rsquo;adresse IP transmise par votre navigateur dans le cadre de Google Analytics \u00e0 d&rsquo;autres donn\u00e9es Google. Vous pouvez d\u00e9sactiver l&rsquo;installation et l&rsquo;utilisation des Cookies par un simple param\u00e9trage de votre logiciel de navigation Internet; nous vous informons cependant qu&rsquo;il est alors possible que vous ne puissiez acc\u00e9der \u00e0 toutes les fonctions du site de fa\u00e7on optimale. Mais vous pouvez emp\u00eacher l&rsquo;enregistrement des donn\u00e9es personnelles (incluant votre adresse IP) engendr\u00e9 par les Cookie et l&rsquo;utilisation du site, ainsi que l&rsquo;exploitation de ces donn\u00e9es par Google, en t\u00e9l\u00e9chargeant et installant gr\u00e2ce au lien suivant le Plugin navigateur disponible : <a href=\"http:\/\/tools.google.com\/dlpage\/gaoptout\">http:\/\/tools.google.com\/dlpage\/gaoptout<\/a><\/p>\n\n\n\n<video \n    autoplay \n    loop \n    muted \n    playsinline \n    style=\"\n        position: fixed;\n        top: 0;\n        left: 0;\n        width: 100%;\n        height: 100%;\n        object-fit: cover;\n        z-index: -1;\">\n    <source src=\"https:\/\/www.telosalliance.fr\/wp-content\/uploads\/2025\/01\/Mon-film-3-720p60.mp4\" type=\"video\/mp4\">\n<\/video>\n\n\n\n<p><\/p>\n","protected":false},"excerpt":{"rendered":"<p>Mentions L\u00e9gales Editeur du site Ce site est \u00e9dit\u00e9 par : ip-studio &#8211; 43, rue du Commandant Rolland \u2013 93350 Le Bourget [&hellip;]<\/p>\n","protected":false},"author":1,"featured_media":0,"parent":0,"menu_order":0,"comment_status":"closed","ping_status":"closed","template":"","meta":{"footnotes":""},"class_list":["post-200","page","type-page","status-publish","hentry"],"_links":{"self":[{"href":"https:\/\/www.telosalliance.fr\/index.php\/wp-json\/wp\/v2\/pages\/200","targetHints":{"allow":["GET"]}}],"collection":[{"href":"https:\/\/www.telosalliance.fr\/index.php\/wp-json\/wp\/v2\/pages"}],"about":[{"href":"https:\/\/www.telosalliance.fr\/index.php\/wp-json\/wp\/v2\/types\/page"}],"author":[{"embeddable":true,"href":"https:\/\/www.telosalliance.fr\/index.php\/wp-json\/wp\/v2\/users\/1"}],"replies":[{"embeddable":true,"href":"https:\/\/www.telosalliance.fr\/index.php\/wp-json\/wp\/v2\/comments?post=200"}],"version-history":[{"count":11,"href":"https:\/\/www.telosalliance.fr\/index.php\/wp-json\/wp\/v2\/pages\/200\/revisions"}],"predecessor-version":[{"id":696,"href":"https:\/\/www.telosalliance.fr\/index.php\/wp-json\/wp\/v2\/pages\/200\/revisions\/696"}],"wp:attachment":[{"href":"https:\/\/www.telosalliance.fr\/index.php\/wp-json\/wp\/v2\/media?parent=200"}],"curies":[{"name":"wp","href":"https:\/\/api.w.org\/{rel}","templated":true}]}}