{"id":577,"date":"2025-01-21T14:31:26","date_gmt":"2025-01-21T13:31:26","guid":{"rendered":"https:\/\/telosalliance.esinfo.fr\/?page_id=577"},"modified":"2025-01-27T12:16:28","modified_gmt":"2025-01-27T11:16:28","slug":"qualiopi","status":"publish","type":"page","link":"https:\/\/www.telosalliance.fr\/index.php\/qualiopi\/","title":{"rendered":""},"content":{"rendered":"\n<h2 class=\"wp-block-heading has-text-align-center\">Formations<\/h2>\n\n\n\n<p>Nous sommes un organisme de formation depuis 1995.<\/p>\n\n\n\n<p>Nous proposons des formations sur l&rsquo;ensemble de nos solutions et de nos int\u00e9grations.<\/p>\n\n\n\n<p>Nous sommes certifi\u00e9s Qualiopi depuis le 22 juin 2022.<\/p>\n\n\n\n<p>En mars 2024, nous avons pass\u00e9 avec succ\u00e8s l&rsquo;audit de suivi qui a confirm\u00e9 le maintien de notre certification Qualiopi.<\/p>\n\n\n\n<p>Ainsi, toutes nos formations sont \u00e9ligibles \u00e0 la prise en charge par votre organisme de formation (AFDAS, &#8230;)<\/p>\n\n\n\n<div class=\"wp-block-columns is-layout-flex wp-container-core-columns-is-layout-28f84493 wp-block-columns-is-layout-flex\">\n<div class=\"wp-block-column is-layout-flow wp-block-column-is-layout-flow\">\n<figure class=\"wp-block-image size-full is-resized\"><img decoding=\"async\" src=\"http:\/\/ip-studio.com\/wp-content\/uploads\/2024\/12\/Logo-Qualiopi-ActionFormation.png\" alt=\"\" class=\"wp-image-134\" style=\"width:339px;height:auto\"\/><\/figure>\n<\/div>\n\n\n\n<div class=\"wp-block-column is-layout-flow wp-block-column-is-layout-flow\">\n<figure class=\"wp-block-image size-full is-resized\"><img decoding=\"async\" src=\"http:\/\/ip-studio.com\/wp-content\/uploads\/2024\/12\/afnor-certification-copie.png\" alt=\"\" class=\"wp-image-275\" style=\"width:248px;height:auto\"\/><\/figure>\n<\/div>\n<\/div>\n\n\n\n<p>Notre certificat : <a href=\"http:\/\/ip-studio.com\/wp-content\/uploads\/2024\/12\/Qualiopi_certificat-ip-studio-42112940pdf.pdf\">Qualiopi_certificat_ip-studio.pdf<\/a><\/p>\n\n\n\n<p>Pour tous vos besoins de formation, n&rsquo;h\u00e9sitez pas \u00e0 contacter votre interlocuteur habituel ou \u00e0 envoyer un email \u00e0 l&rsquo;adresse&nbsp;<a href=\"mailto:contact@ip-studio.com\" target=\"_blank\" rel=\"noreferrer noopener\">contact@ip-studio.com<\/a>.<\/p>\n\n\n\n<p>Nos formations peuvent \u00eatre adapt\u00e9es aux diff\u00e9rentes situations de handicap.<\/p>\n\n\n\n<video \n    autoplay \n    loop \n    muted \n    playsinline \n    style=\"\n        position: fixed;\n        top: 0;\n        left: 0;\n        width: 100%;\n        height: 100%;\n        object-fit: cover;\n        z-index: -1;\">\n    <source src=\"https:\/\/www.telosalliance.fr\/wp-content\/uploads\/2025\/01\/Mon-film-3-720p60.mp4\" type=\"video\/mp4\">\n<\/video>\n\n\n\n<p><\/p>\n\n\n\n<p><\/p>\n","protected":false},"excerpt":{"rendered":"<p>Formations Nous sommes un organisme de formation depuis 1995. Nous proposons des formations sur l&rsquo;ensemble de nos solutions et de nos int\u00e9grations. [&hellip;]<\/p>\n","protected":false},"author":1,"featured_media":0,"parent":0,"menu_order":0,"comment_status":"closed","ping_status":"closed","template":"","meta":{"footnotes":""},"class_list":["post-577","page","type-page","status-publish","hentry"],"_links":{"self":[{"href":"https:\/\/www.telosalliance.fr\/index.php\/wp-json\/wp\/v2\/pages\/577","targetHints":{"allow":["GET"]}}],"collection":[{"href":"https:\/\/www.telosalliance.fr\/index.php\/wp-json\/wp\/v2\/pages"}],"about":[{"href":"https:\/\/www.telosalliance.fr\/index.php\/wp-json\/wp\/v2\/types\/page"}],"author":[{"embeddable":true,"href":"https:\/\/www.telosalliance.fr\/index.php\/wp-json\/wp\/v2\/users\/1"}],"replies":[{"embeddable":true,"href":"https:\/\/www.telosalliance.fr\/index.php\/wp-json\/wp\/v2\/comments?post=577"}],"version-history":[{"count":29,"href":"https:\/\/www.telosalliance.fr\/index.php\/wp-json\/wp\/v2\/pages\/577\/revisions"}],"predecessor-version":[{"id":697,"href":"https:\/\/www.telosalliance.fr\/index.php\/wp-json\/wp\/v2\/pages\/577\/revisions\/697"}],"wp:attachment":[{"href":"https:\/\/www.telosalliance.fr\/index.php\/wp-json\/wp\/v2\/media?parent=577"}],"curies":[{"name":"wp","href":"https:\/\/api.w.org\/{rel}","templated":true}]}}